{"id":1888,"date":"2020-06-09T11:15:32","date_gmt":"2020-06-09T09:15:32","guid":{"rendered":"https:\/\/farinezerbo.it\/?page_id=1888"},"modified":"2021-09-27T17:30:33","modified_gmt":"2021-09-27T15:30:33","slug":"molino-2-2","status":"publish","type":"page","link":"https:\/\/farinezerbo.it\/en\/molino-2-2\/","title":{"rendered":"Stone Mill"},"content":{"rendered":"<div id='full_slider_1'  class='avia-fullwidth-slider main_color avia-shadow   avia-builder-el-0  el_before_av_two_fifth  avia-builder-el-first   container_wrap sidebar_right' style=' '  ><div   data-size='no scaling'  data-lightbox_size='large'  data-animation='slide'  data-conditional_play=''  data-ids='884'  data-video_counter='0'  data-autoplay='false'  data-bg_slider='false'  data-slide_height=''  data-handle='av_slideshow_full'  data-interval='5'  data-class=' '  data-el_id=''  data-css_id=''  data-scroll_down=''  data-control_layout='av-control-default'  data-custom_markup=''  data-perma_caption=''  data-autoplay_stopper=''  data-image_attachment=''  data-min_height='0px'  data-src=''  data-position='top left'  data-repeat='no-repeat'  data-attach='scroll'  data-stretch=''  class='avia-slideshow avia-slideshow-1  av-control-default av-default-height-applied avia-slideshow-no scaling av_slideshow_full   avia-slide-slider'  itemprop=\"image\" itemscope=\"itemscope\" itemtype=\"https:\/\/schema.org\/ImageObject\" ><ul class='avia-slideshow-inner' style='padding-bottom: 31%;' ><li  class='av-single-slide slide-1' ><div data-rel='slideshow-1' class='avia-slide-wrap'   ><div class = \"caption_fullwidth av-slideshow-caption caption_center\"><div class = \"container caption_container\"><div class = \"slideshow_caption\"><div class = \"slideshow_inner_caption\"><div class = \"slideshow_align_caption\"><h2  style='font-size:65px; ' class='avia-caption-title   av-medium-font-size-overwrite av-medium-font-size-44 av-small-font-size-overwrite av-small-font-size-44 av-mini-font-size-overwrite av-mini-font-size-32'  itemprop=\"name\" >our stone mill<\/h2><div class='avia-caption-content  av-small-font-size-overwrite av-small-font-size-15 av-mini-font-size-overwrite av-mini-font-size-14 av_inherit_color'  itemprop=\"description\"   style='font-size:30px; '><p>The strength of the tradition, the taste of the slowness<\/p>\n<\/div><\/div><\/div><\/div><\/div><\/div><img src='https:\/\/farinezerbo.it\/wp-content\/uploads\/2020\/05\/molino-2.jpg' width='2000' height='620' title='molino' alt='Il nostro molino a pietra'  itemprop=\"thumbnailUrl\"   \/><div class='av-section-color-overlay' style='opacity: 0.4; background-color: #7a4500; '><\/div><\/div><\/li><\/ul><\/div><\/div><div id='after_full_slider_1'  class='main_color av_default_container_wrap container_wrap sidebar_right' style=' '  ><div class='container' ><div class='template-page content  av-content-small alpha units'><div class='post-entry post-entry-type-page post-entry-1888'><div class='entry-content-wrapper clearfix'>\n<div class=\"flex_column av_two_fifth  flex_column_div av-zero-column-padding first  avia-builder-el-1  el_after_av_slideshow_full  el_before_av_three_fifth  avia-builder-el-first\" style='border-radius:0px; '><section class=\"av_textblock_section\"  itemscope=\"itemscope\" itemtype=\"https:\/\/schema.org\/CreativeWork\" ><div class='avia_textblock'   itemprop=\"text\" ><p>We chose stone grinding because it is\u00a0<strong>the oldest, and still unsurpassed, method<\/strong>\u00a0in high quality flour production<\/p>\n<p>The advantages of this grinding method result mainly from the low speed of the mobile wheel (80-100 rpm of the stone mill compared to 300-350 of modern plants) which keeps the temperature low during milling and ensures that the flour does not run any risk of overheating,\u00a0<strong>preserving at the best organoleptic qualities contained in the bran<\/strong>\u00a0and germ of each grain.<\/p>\n<\/div><\/section><\/div>\n<div class=\"flex_column av_three_fifth  flex_column_div av-zero-column-padding   avia-builder-el-3  el_after_av_two_fifth  el_before_av_hr\" style='border-radius:0px; '><div  class='avia-image-container  av-styling-    avia-builder-el-4  avia-builder-el-no-sibling  avia-align-center'  itemprop=\"image\" itemscope=\"itemscope\" itemtype=\"https:\/\/schema.org\/ImageObject\"  ><div class='avia-image-container-inner'><div class='avia-image-overlay-wrap'><img class='avia_image' src='https:\/\/farinezerbo.it\/wp-content\/uploads\/2020\/05\/molino1.jpg' alt='Il molino Azienda Agricola Zerbo' title='molino1' height=\"1000\" width=\"1333\"  itemprop=\"thumbnailUrl\"  \/><\/div><\/div><\/div><\/div>\n<div   class='hr hr-default   avia-builder-el-5  el_after_av_three_fifth  el_before_av_one_half'><span class='hr-inner' ><span class='hr-inner-style'><\/span><\/span><\/div>\n<div class=\"flex_column av_one_half  flex_column_div av-zero-column-padding first  avia-builder-el-6  el_after_av_hr  el_before_av_one_half\" style='border-radius:0px; '><section class=\"av_textblock_section\"  itemscope=\"itemscope\" itemtype=\"https:\/\/schema.org\/CreativeWork\" ><div class='avia_textblock'   itemprop=\"text\" ><p>Altra importantissima <strong>differenza<\/strong> \u00e8 che le macine moderne sfogliano il chicco a partire dallo strato pi\u00f9 esterno e arrivano ad una depurazione molto profonda che impoverisce la farina. Si ottengono cos\u00ec prodotti molti raffinati, che mantengono solo la frazione amidacea del chicco, senza i preziosi elementi nutritivi delle altre parti.<\/p>\n<p>I mulini a pietra, invece, macinano l\u2019<strong>intero chicco<\/strong> e solo successivamente, nella fase di burattamento o setacciatura, separano le farine dalla crusca e per quanto si possa macinare il grano pi\u00f9 o meno finemente, non si arriver\u00e0 mai a una farina raffinatissima.<\/p>\n<\/div><\/section><\/div>\n<div class=\"flex_column av_one_half  flex_column_div av-zero-column-padding   avia-builder-el-8  el_after_av_one_half  el_before_av_one_full\" style='border-radius:0px; '><div  class='avia-image-container  av-styling-    avia-builder-el-9  avia-builder-el-no-sibling  avia-align-center'  itemprop=\"image\" itemscope=\"itemscope\" itemtype=\"https:\/\/schema.org\/ImageObject\"  ><div class='avia-image-container-inner'><div class='avia-image-overlay-wrap'><img class='avia_image' src='https:\/\/farinezerbo.it\/wp-content\/uploads\/2020\/05\/molino2-2.jpg' alt='Molino Azienda Agricola Zerbo' title='molino2' height=\"587\" width=\"355\"  itemprop=\"thumbnailUrl\"  \/><\/div><\/div><\/div><\/div>\n<div class=\"flex_column av_one_full  flex_column_div av-zero-column-padding first  avia-builder-el-10  el_after_av_one_half  avia-builder-el-last  column-top-margin\" style='border-radius:0px; '><section class=\"av_textblock_section\"  itemscope=\"itemscope\" itemtype=\"https:\/\/schema.org\/CreativeWork\" ><div class='avia_textblock'   itemprop=\"text\" ><p>Si otterr\u00e0 sempre un prodotto che conserva le sue sostanze importanti come proteine, vitamine (B1, B2, PP, B6), magnesio, calcio e altri sali minerali, noto per i suoi profumi complessi,\u00a0<strong>most intense taste and remarkable beneficial properties.<\/strong><\/p>\n<\/div><\/section><\/div>","protected":false},"excerpt":{"rendered":"","protected":false},"author":1,"featured_media":884,"parent":0,"menu_order":0,"comment_status":"closed","ping_status":"closed","template":"","meta":[],"_links":{"self":[{"href":"https:\/\/farinezerbo.it\/en\/wp-json\/wp\/v2\/pages\/1888"}],"collection":[{"href":"https:\/\/farinezerbo.it\/en\/wp-json\/wp\/v2\/pages"}],"about":[{"href":"https:\/\/farinezerbo.it\/en\/wp-json\/wp\/v2\/types\/page"}],"author":[{"embeddable":true,"href":"https:\/\/farinezerbo.it\/en\/wp-json\/wp\/v2\/users\/1"}],"replies":[{"embeddable":true,"href":"https:\/\/farinezerbo.it\/en\/wp-json\/wp\/v2\/comments?post=1888"}],"version-history":[{"count":14,"href":"https:\/\/farinezerbo.it\/en\/wp-json\/wp\/v2\/pages\/1888\/revisions"}],"predecessor-version":[{"id":2984,"href":"https:\/\/farinezerbo.it\/en\/wp-json\/wp\/v2\/pages\/1888\/revisions\/2984"}],"wp:featuredmedia":[{"embeddable":true,"href":"https:\/\/farinezerbo.it\/en\/wp-json\/wp\/v2\/media\/884"}],"wp:attachment":[{"href":"https:\/\/farinezerbo.it\/en\/wp-json\/wp\/v2\/media?parent=1888"}],"curies":[{"name":"wp","href":"https:\/\/api.w.org\/{rel}","templated":true}]}}